{"id":116,"date":"2014-08-16T18:54:07","date_gmt":"2014-08-16T16:54:07","guid":{"rendered":"http:\/\/www.michael-krell.com\/?page_id=116"},"modified":"2024-02-01T17:23:04","modified_gmt":"2024-02-01T16:23:04","slug":"michael-krell-portrait","status":"publish","type":"page","link":"https:\/\/www.michael-krell.com\/de\/michael-krell-portrait\/","title":{"rendered":"\u00dcber mich"},"content":{"rendered":"<div data-vc-full-width=\"true\" data-vc-full-width-init=\"false\" class=\"vc_row wpb_row vc_row-fluid normalize\"><div class=\"wpb_column vc_column_container vc_col-sm-12\"><div class=\"vc_column-inner\"><div class=\"wpb_wrapper\">\n\t<div class=\"wpb_text_column wpb_content_element \" >\n\t\t<div class=\"wpb_wrapper\">\n\t\t\t<h2 style=\"text-align: center;\">Michael Krell &#8211; Portrait<\/h2>\n<p>Zum Triathlon fand ich erst recht sp\u00e4t mit 25 Jahren. Davor war ich allerdings auch schon sportlich aktiv, beim Skispringen, Fu\u00dfball, Krafttraining und Lacrosse. In 2006 wagte ich zum ersten Mal das Abenteuer Langdistanz beim Challenge Roth. Etliche Trainingsstunden sp\u00e4ter qualifizierte ich mich 2008 f\u00fcr den Ironman Hawaii, unterbot 2009 zum ersten Mal die 9-Stunden-Marke in Roth, und versuchte fortan meine Leistung weiter zu steigern. Meine aktuelle Bestzeit betr\u00e4gt 8:47 Stunden in Roth und irgendwann w\u00fcrde ich gern nochmal an den 8:30 Stunden kratzen.<\/p>\n\n\t\t<\/div>\n\t<\/div>\n<div class=\"vc_row wpb_row vc_inner vc_row-fluid\"><div class=\"wpb_column vc_column_container vc_col-sm-6\"><div class=\"vc_column-inner\"><div class=\"wpb_wrapper\">\n\t<div  class=\"wpb_single_image wpb_content_element vc_align_left\">\n\t\t\n\t\t<figure class=\"wpb_wrapper vc_figure\">\n\t\t\t<div class=\"vc_single_image-wrapper   vc_box_border_grey\"><img loading=\"lazy\" decoding=\"async\" width=\"739\" height=\"531\" src=\"https:\/\/www.michael-krell.com\/wp-content\/uploads\/2016\/08\/rad_klein.jpg\" class=\"vc_single_image-img attachment-full\" alt=\"\" srcset=\"https:\/\/www.michael-krell.com\/wp-content\/uploads\/2016\/08\/rad_klein.jpg 739w, https:\/\/www.michael-krell.com\/wp-content\/uploads\/2016\/08\/rad_klein-300x215.jpg 300w\" sizes=\"auto, (max-width: 739px) 100vw, 739px\" \/><\/div>\n\t\t<\/figure>\n\t<\/div>\n<\/div><\/div><\/div><div class=\"wpb_column vc_column_container vc_col-sm-6\"><div class=\"vc_column-inner\"><div class=\"wpb_wrapper\">\n\t<div  class=\"wpb_single_image wpb_content_element vc_align_left\">\n\t\t\n\t\t<figure class=\"wpb_wrapper vc_figure\">\n\t\t\t<div class=\"vc_single_image-wrapper   vc_box_border_grey\"><img loading=\"lazy\" decoding=\"async\" width=\"960\" height=\"686\" src=\"https:\/\/www.michael-krell.com\/wp-content\/uploads\/2013\/07\/2VYyCyhmuIYTrr1z4_-aESDR_46RWiyduKNq1Qn05U0.jpeg\" class=\"vc_single_image-img attachment-full\" alt=\"\" srcset=\"https:\/\/www.michael-krell.com\/wp-content\/uploads\/2013\/07\/2VYyCyhmuIYTrr1z4_-aESDR_46RWiyduKNq1Qn05U0.jpeg 960w, https:\/\/www.michael-krell.com\/wp-content\/uploads\/2013\/07\/2VYyCyhmuIYTrr1z4_-aESDR_46RWiyduKNq1Qn05U0-300x214.jpeg 300w\" sizes=\"auto, (max-width: 960px) 100vw, 960px\" \/><\/div>\n\t\t<\/figure>\n\t<\/div>\n<\/div><\/div><\/div><\/div><\/div><\/div><\/div><\/div><div class=\"vc_row-full-width vc_clearfix\"><\/div><div data-vc-full-width=\"true\" data-vc-full-width-init=\"false\" class=\"vc_row wpb_row vc_row-fluid\"><div class=\"wpb_column vc_column_container vc_col-sm-6\"><div class=\"vc_column-inner\"><div class=\"wpb_wrapper\">\n\t<div class=\"wpb_text_column wpb_content_element \" >\n\t\t<div class=\"wpb_wrapper\">\n\t\t\t<p>Auf meinem sportlichen Weg verschlang ich alles was ich an Informationen zum Thema Triathlon und Training finden konnte. In der Vorbereitung f\u00fcr den Ironman Hawaii in 2008 entdeckte ich den Spa\u00df am Schreiben. Neben zahlreichen Beitr\u00e4gen in Blogs, tri-mag.de, triathlon.de und Fachzeitschriften (Triathlon Magazin, tritime, Loox Sportmagazin, etc.), blicke ich inzwischen auf sechs Buchver\u00f6ffentlichungen zur\u00fcck.<\/p>\n<p><span style=\"color: #000080;\" data-darkreader-inline-color=\"\"><a style=\"color: #000080;\" href=\"http:\/\/www.michael-krell.com\/buchbestellung-triathlon-fuer-berufstaetige\/\" target=\"_blank\" rel=\"noopener noreferrer\" data-darkreader-inline-color=\"\">\u201eTriathlon f\u00fcr Berufst\u00e4tige\u201c<\/a><\/span> erschien im Mai 2010, und wurde zum erfolgreichsten deutschsprachigen Triathlonbuch in 2010 und 2011. Im November 2012 erschien mein zweites Buch <a href=\"http:\/\/www.michael-krell.com\/buchbestellung-triathlon-trainingseinheiten-fuer-berufstaetige\/\" target=\"_blank\" rel=\"noopener noreferrer\"><span style=\"color: #000080;\" data-darkreader-inline-color=\"\">\u201eTriathlon Trainingseinheiten f\u00fcr Berufst\u00e4tige\u201c<\/span><\/a> in dem ich \u00fcber 100 hocheffektive Einheiten beschreibe, mit denen auch Berufst\u00e4tige oder zeitlich stark eingeschr\u00e4nkte Athleten ihr volles Leistungspotential aussch\u00f6pfen k\u00f6nnen. Dieses ist auch das bisher erfolgreichste Buch, bis heute immer noch auf den Bestsellerranglisten zu finden. Das folgende Werk <a href=\"http:\/\/www.michael-krell.com\/buchbestellung-wettkampfstrategien-im-triathlon-fuer-alle-distanzen\/\" target=\"_blank\" rel=\"noopener noreferrer\"><span data-darkreader-inline-color=\"\">\u201eWettkampfstrategien im Triathlon\u201c<\/span><\/a> erschien im Juni 2014 und behandelt Strategien und Taktiken im Wettkampf vom Anf\u00e4nger bis hin zum Profi.<\/p>\n\n\t\t<\/div>\n\t<\/div>\n<\/div><\/div><\/div><div class=\"wpb_column vc_column_container vc_col-sm-6\"><div class=\"vc_column-inner\"><div class=\"wpb_wrapper\">\n\t<div class=\"wpb_text_column wpb_content_element \" >\n\t\t<div class=\"wpb_wrapper\">\n\t\t\t<p>Aufgrund der positiven Resonanz und Erweiterungsw\u00fcnschen ver\u00f6ffentlichte ich in 2017 den Nachfolger der Trainingseinheiten, mit besonderem Fokus auf das Langdistanztraining <a href=\"https:\/\/www.michael-krell.com\/buecher-2\/\" target=\"_blank\" rel=\"noopener noreferrer\">\u201eTriathlon-Trainingseinheiten f\u00fcr die Langdistanz: Effizient trainieren mit wenig Zeit\u201c<\/a>. Weiterf\u00fchrend zu diesem Thema ver\u00f6ffentlichte ich 2018 mein bis dato letztes Buch <a href=\"https:\/\/www.michael-krell.com\/buecher-2\/\" target=\"_blank\" rel=\"noopener noreferrer\">&#8222;das Maximalprinzip&#8220;<\/a>, welches das \u00fcberaus effektive Training verschiedener Top-Agegrouper auf der Langdistanz untersucht und dabei Trainingsempfehlungen ableitet, die jeder in sein Training einbauen, und es damit deutlich wirkungsvoller und effizienter gestalten kann. Das Maximum aus der gegebenen Trainingszeit herausholen! In 2020 erschien die komplett \u00fcbearbeitete und erg\u00e4nzte englische Version <a href=\"https:\/\/www.michael-krell.com\/buecher-2\/\" target=\"_blank\" rel=\"noopener noreferrer\">&#8222;Max Out &#8211; most efficient Triathlon Training&#8220;<\/a>.<\/p>\n<p>Abseits vom Sport war ich nach meinem Studium der internationalen Betriebswirtschaftslehre an der Uni Bamberg, mit Doppelabschluss MBA University of Canterbury (Neuseeland), bis 2011 f\u00fcr f\u00fcnf Jahre bei der GfK SE als Marketing Berater t\u00e4tig. Fr\u00fcher neben der Arbeit, bin ich seitdem hauptberuflich lizensierter Triathlon Trainer (A-Lizenz).<\/p>\n\n\t\t<\/div>\n\t<\/div>\n<\/div><\/div><\/div><\/div><div class=\"vc_row-full-width vc_clearfix\"><\/div>\n","protected":false},"excerpt":{"rendered":"Michael Krell - Portrait Zum Triathlon fand ich erst recht sp\u00e4t mit 25 Jahren. Davor war ich allerdings auch schon [...]","protected":false},"author":2,"featured_media":4107,"parent":0,"menu_order":0,"comment_status":"closed","ping_status":"closed","template":"page-unterseiten.php","meta":{"footnotes":""},"class_list":["post-116","page","type-page","status-publish","has-post-thumbnail","hentry"],"yoast_head":"<!-- This site is optimized with the Yoast SEO plugin v19.8 - https:\/\/yoast.com\/wordpress\/plugins\/seo\/ -->\n<title>\u00dcber mich - Michael Krell Triathlon Coaching<\/title>\n<meta name=\"robots\" content=\"index, follow, max-snippet:-1, max-image-preview:large, max-video-preview:-1\" \/>\n<link rel=\"canonical\" href=\"https:\/\/www.michael-krell.com\/de\/michael-krell-portrait\/\" \/>\n<meta property=\"og:locale\" content=\"de_DE\" \/>\n<meta property=\"og:type\" content=\"article\" \/>\n<meta property=\"og:title\" content=\"\u00dcber mich - Michael Krell Triathlon Coaching\" \/>\n<meta property=\"og:url\" content=\"https:\/\/www.michael-krell.com\/de\/michael-krell-portrait\/\" \/>\n<meta property=\"og:site_name\" content=\"Michael Krell Triathlon Coaching\" \/>\n<meta property=\"article:modified_time\" content=\"2024-02-01T16:23:04+00:00\" \/>\n<meta property=\"og:image\" content=\"https:\/\/www.michael-krell.com\/wp-content\/uploads\/2014\/08\/\u00fcbermich_titelbild.jpg\" \/>\n\t<meta property=\"og:image:width\" content=\"1600\" \/>\n\t<meta property=\"og:image:height\" content=\"563\" \/>\n\t<meta property=\"og:image:type\" content=\"image\/jpeg\" \/>\n<meta name=\"twitter:card\" content=\"summary_large_image\" \/>\n<meta name=\"twitter:label1\" content=\"Gesch\u00e4tzte Lesezeit\" \/>\n\t<meta name=\"twitter:data1\" content=\"2\u00a0Minuten\" \/>\n<script type=\"application\/ld+json\" class=\"yoast-schema-graph\">{\"@context\":\"https:\/\/schema.org\",\"@graph\":[{\"@type\":\"WebPage\",\"@id\":\"https:\/\/www.michael-krell.com\/de\/michael-krell-portrait\/\",\"url\":\"https:\/\/www.michael-krell.com\/de\/michael-krell-portrait\/\",\"name\":\"\u00dcber mich - Michael Krell Triathlon Coaching\",\"isPartOf\":{\"@id\":\"https:\/\/www.michael-krell.com\/en\/#website\"},\"datePublished\":\"2014-08-16T16:54:07+00:00\",\"dateModified\":\"2024-02-01T16:23:04+00:00\",\"breadcrumb\":{\"@id\":\"https:\/\/www.michael-krell.com\/de\/michael-krell-portrait\/#breadcrumb\"},\"inLanguage\":\"de\",\"potentialAction\":[{\"@type\":\"ReadAction\",\"target\":[\"https:\/\/www.michael-krell.com\/de\/michael-krell-portrait\/\"]}]},{\"@type\":\"BreadcrumbList\",\"@id\":\"https:\/\/www.michael-krell.com\/de\/michael-krell-portrait\/#breadcrumb\",\"itemListElement\":[{\"@type\":\"ListItem\",\"position\":1,\"name\":\"Startseite\",\"item\":\"https:\/\/www.michael-krell.com\/en\/\"},{\"@type\":\"ListItem\",\"position\":2,\"name\":\"\u00dcber mich\"}]},{\"@type\":\"WebSite\",\"@id\":\"https:\/\/www.michael-krell.com\/en\/#website\",\"url\":\"https:\/\/www.michael-krell.com\/en\/\",\"name\":\"Michael Krell Triathlon Coaching\",\"description\":\"\",\"potentialAction\":[{\"@type\":\"SearchAction\",\"target\":{\"@type\":\"EntryPoint\",\"urlTemplate\":\"https:\/\/www.michael-krell.com\/en\/?s={search_term_string}\"},\"query-input\":\"required name=search_term_string\"}],\"inLanguage\":\"de\"}]}<\/script>\n<!-- \/ Yoast SEO plugin. -->","yoast_head_json":{"title":"\u00dcber mich - Michael Krell Triathlon Coaching","robots":{"index":"index","follow":"follow","max-snippet":"max-snippet:-1","max-image-preview":"max-image-preview:large","max-video-preview":"max-video-preview:-1"},"canonical":"https:\/\/www.michael-krell.com\/de\/michael-krell-portrait\/","og_locale":"de_DE","og_type":"article","og_title":"\u00dcber mich - Michael Krell Triathlon Coaching","og_url":"https:\/\/www.michael-krell.com\/de\/michael-krell-portrait\/","og_site_name":"Michael Krell Triathlon Coaching","article_modified_time":"2024-02-01T16:23:04+00:00","og_image":[{"width":1600,"height":563,"url":"https:\/\/www.michael-krell.com\/wp-content\/uploads\/2014\/08\/\u00fcbermich_titelbild.jpg","type":"image\/jpeg"}],"twitter_card":"summary_large_image","twitter_misc":{"Gesch\u00e4tzte Lesezeit":"2\u00a0Minuten"},"schema":{"@context":"https:\/\/schema.org","@graph":[{"@type":"WebPage","@id":"https:\/\/www.michael-krell.com\/de\/michael-krell-portrait\/","url":"https:\/\/www.michael-krell.com\/de\/michael-krell-portrait\/","name":"\u00dcber mich - Michael Krell Triathlon Coaching","isPartOf":{"@id":"https:\/\/www.michael-krell.com\/en\/#website"},"datePublished":"2014-08-16T16:54:07+00:00","dateModified":"2024-02-01T16:23:04+00:00","breadcrumb":{"@id":"https:\/\/www.michael-krell.com\/de\/michael-krell-portrait\/#breadcrumb"},"inLanguage":"de","potentialAction":[{"@type":"ReadAction","target":["https:\/\/www.michael-krell.com\/de\/michael-krell-portrait\/"]}]},{"@type":"BreadcrumbList","@id":"https:\/\/www.michael-krell.com\/de\/michael-krell-portrait\/#breadcrumb","itemListElement":[{"@type":"ListItem","position":1,"name":"Startseite","item":"https:\/\/www.michael-krell.com\/en\/"},{"@type":"ListItem","position":2,"name":"\u00dcber mich"}]},{"@type":"WebSite","@id":"https:\/\/www.michael-krell.com\/en\/#website","url":"https:\/\/www.michael-krell.com\/en\/","name":"Michael Krell Triathlon Coaching","description":"","potentialAction":[{"@type":"SearchAction","target":{"@type":"EntryPoint","urlTemplate":"https:\/\/www.michael-krell.com\/en\/?s={search_term_string}"},"query-input":"required name=search_term_string"}],"inLanguage":"de"}]}},"_links":{"self":[{"href":"https:\/\/www.michael-krell.com\/de\/wp-json\/wp\/v2\/pages\/116","targetHints":{"allow":["GET"]}}],"collection":[{"href":"https:\/\/www.michael-krell.com\/de\/wp-json\/wp\/v2\/pages"}],"about":[{"href":"https:\/\/www.michael-krell.com\/de\/wp-json\/wp\/v2\/types\/page"}],"author":[{"embeddable":true,"href":"https:\/\/www.michael-krell.com\/de\/wp-json\/wp\/v2\/users\/2"}],"replies":[{"embeddable":true,"href":"https:\/\/www.michael-krell.com\/de\/wp-json\/wp\/v2\/comments?post=116"}],"version-history":[{"count":52,"href":"https:\/\/www.michael-krell.com\/de\/wp-json\/wp\/v2\/pages\/116\/revisions"}],"predecessor-version":[{"id":5512,"href":"https:\/\/www.michael-krell.com\/de\/wp-json\/wp\/v2\/pages\/116\/revisions\/5512"}],"wp:featuredmedia":[{"embeddable":true,"href":"https:\/\/www.michael-krell.com\/de\/wp-json\/wp\/v2\/media\/4107"}],"wp:attachment":[{"href":"https:\/\/www.michael-krell.com\/de\/wp-json\/wp\/v2\/media?parent=116"}],"curies":[{"name":"wp","href":"https:\/\/api.w.org\/{rel}","templated":true}]}}