{"id":1791,"date":"2014-08-20T16:56:45","date_gmt":"2014-08-20T14:56:45","guid":{"rendered":"http:\/\/www.michael-krell.com\/?page_id=1791"},"modified":"2025-10-06T17:11:55","modified_gmt":"2025-10-06T15:11:55","slug":"impressum","status":"publish","type":"page","link":"https:\/\/www.michael-krell.com\/de\/impressum\/","title":{"rendered":"Impressum"},"content":{"rendered":"<div class=\"vc_row wpb_row vc_row-fluid\"><div class=\"wpb_column vc_column_container vc_col-sm-12\"><div class=\"vc_column-inner vc_custom_1496068328209\"><div class=\"wpb_wrapper\">\n\t<div class=\"wpb_text_column wpb_content_element \" >\n\t\t<div class=\"wpb_wrapper\">\n\t\t\t<div id=\"ContentElements\">\n<h1>Impressum<\/h1>\n<p>Michael Krell<br \/>\nGeuderstr. 5<br \/>\n90402 N\u00fcrnberg<br \/>\nTelefon: +49 176 240 938 51<\/p>\n<p><strong>E-Mail:<\/strong> info [a:t] michael-krell.com&gt;<\/p>\n<p><strong>Steuernummer:<\/strong> 238\/521\/01679<\/p>\n<p><strong>Angaben zu den Bildquellen:\u00a0<\/strong><a href=\"http:\/\/www.shutterstock.com\" target=\"_blank\" rel=\"noopener noreferrer\">www.shutterstock.com<\/a><\/p>\n<p><strong>Layout und Umsetzung:<\/strong> <a href=\"http:\/\/www.agentur-kollektiv.de\" target=\"_blank\" rel=\"noopener noreferrer\">www.agentur-kollektiv.de<\/a><\/p>\n<p>Inhaltlich Verantwortlicher gem\u00e4\u00df \u00a7 55 Abs. 2 RStV: Michael Krell (Anschrift wie oben)<\/p>\n<p>Haftungshinweis: Trotz sorgf\u00e4ltiger inhaltlicher Kontrolle \u00fcbernehmen wir keine Haftung f\u00fcr die Inhalte externer Links. F\u00fcr den Inhalt der verlinkten Seiten sind ausschlie\u00dflich deren Betreiber verantwortlich.<\/p>\n<\/div>\n\n\t\t<\/div>\n\t<\/div>\n<\/div><\/div><\/div><\/div>\n","protected":false},"excerpt":{"rendered":"Impressum Michael Krell Geuderstr. 5 90402 N\u00fcrnberg Telefon: +49 176 240 938 51 E-Mail: info [a:t] michael-krell.com&gt; Steuernummer: 238\/521\/01679 Angaben [...]","protected":false},"author":2,"featured_media":3089,"parent":0,"menu_order":0,"comment_status":"closed","ping_status":"closed","template":"page-unterseiten.php","meta":{"footnotes":""},"class_list":["post-1791","page","type-page","status-publish","has-post-thumbnail","hentry"],"yoast_head":"<!-- This site is optimized with the Yoast SEO plugin v19.8 - https:\/\/yoast.com\/wordpress\/plugins\/seo\/ -->\n<title>Impressum - Michael Krell Triathlon Coaching<\/title>\n<meta name=\"robots\" content=\"index, follow, max-snippet:-1, max-image-preview:large, max-video-preview:-1\" \/>\n<link rel=\"canonical\" href=\"https:\/\/www.michael-krell.com\/de\/impressum\/\" \/>\n<meta property=\"og:locale\" content=\"de_DE\" \/>\n<meta property=\"og:type\" content=\"article\" \/>\n<meta property=\"og:title\" content=\"Impressum - Michael Krell Triathlon Coaching\" \/>\n<meta property=\"og:url\" content=\"https:\/\/www.michael-krell.com\/de\/impressum\/\" \/>\n<meta property=\"og:site_name\" content=\"Michael Krell Triathlon Coaching\" \/>\n<meta property=\"article:modified_time\" content=\"2025-10-06T15:11:55+00:00\" \/>\n<meta property=\"og:image\" content=\"https:\/\/www.michael-krell.com\/wp-content\/uploads\/2017\/02\/blog-schwimmer.jpg\" \/>\n\t<meta property=\"og:image:width\" content=\"1600\" \/>\n\t<meta property=\"og:image:height\" content=\"347\" \/>\n\t<meta property=\"og:image:type\" content=\"image\/jpeg\" \/>\n<meta name=\"twitter:card\" content=\"summary_large_image\" \/>\n<meta name=\"twitter:label1\" content=\"Gesch\u00e4tzte Lesezeit\" \/>\n\t<meta name=\"twitter:data1\" content=\"1\u00a0Minute\" \/>\n<script type=\"application\/ld+json\" class=\"yoast-schema-graph\">{\"@context\":\"https:\/\/schema.org\",\"@graph\":[{\"@type\":\"WebPage\",\"@id\":\"https:\/\/www.michael-krell.com\/impressum\/\",\"url\":\"https:\/\/www.michael-krell.com\/impressum\/\",\"name\":\"Impressum - Michael Krell Triathlon Coaching\",\"isPartOf\":{\"@id\":\"https:\/\/www.michael-krell.com\/en\/#website\"},\"datePublished\":\"2014-08-20T14:56:45+00:00\",\"dateModified\":\"2025-10-06T15:11:55+00:00\",\"breadcrumb\":{\"@id\":\"https:\/\/www.michael-krell.com\/impressum\/#breadcrumb\"},\"inLanguage\":\"de\",\"potentialAction\":[{\"@type\":\"ReadAction\",\"target\":[\"https:\/\/www.michael-krell.com\/impressum\/\"]}]},{\"@type\":\"BreadcrumbList\",\"@id\":\"https:\/\/www.michael-krell.com\/impressum\/#breadcrumb\",\"itemListElement\":[{\"@type\":\"ListItem\",\"position\":1,\"name\":\"Startseite\",\"item\":\"https:\/\/www.michael-krell.com\/en\/\"},{\"@type\":\"ListItem\",\"position\":2,\"name\":\"Impressum\"}]},{\"@type\":\"WebSite\",\"@id\":\"https:\/\/www.michael-krell.com\/en\/#website\",\"url\":\"https:\/\/www.michael-krell.com\/en\/\",\"name\":\"Michael Krell Triathlon Coaching\",\"description\":\"\",\"potentialAction\":[{\"@type\":\"SearchAction\",\"target\":{\"@type\":\"EntryPoint\",\"urlTemplate\":\"https:\/\/www.michael-krell.com\/en\/?s={search_term_string}\"},\"query-input\":\"required name=search_term_string\"}],\"inLanguage\":\"de\"}]}<\/script>\n<!-- \/ Yoast SEO plugin. -->","yoast_head_json":{"title":"Impressum - Michael Krell Triathlon Coaching","robots":{"index":"index","follow":"follow","max-snippet":"max-snippet:-1","max-image-preview":"max-image-preview:large","max-video-preview":"max-video-preview:-1"},"canonical":"https:\/\/www.michael-krell.com\/de\/impressum\/","og_locale":"de_DE","og_type":"article","og_title":"Impressum - Michael Krell Triathlon Coaching","og_url":"https:\/\/www.michael-krell.com\/de\/impressum\/","og_site_name":"Michael Krell Triathlon Coaching","article_modified_time":"2025-10-06T15:11:55+00:00","og_image":[{"width":1600,"height":347,"url":"https:\/\/www.michael-krell.com\/wp-content\/uploads\/2017\/02\/blog-schwimmer.jpg","type":"image\/jpeg"}],"twitter_card":"summary_large_image","twitter_misc":{"Gesch\u00e4tzte Lesezeit":"1\u00a0Minute"},"schema":{"@context":"https:\/\/schema.org","@graph":[{"@type":"WebPage","@id":"https:\/\/www.michael-krell.com\/impressum\/","url":"https:\/\/www.michael-krell.com\/impressum\/","name":"Impressum - Michael Krell Triathlon Coaching","isPartOf":{"@id":"https:\/\/www.michael-krell.com\/en\/#website"},"datePublished":"2014-08-20T14:56:45+00:00","dateModified":"2025-10-06T15:11:55+00:00","breadcrumb":{"@id":"https:\/\/www.michael-krell.com\/impressum\/#breadcrumb"},"inLanguage":"de","potentialAction":[{"@type":"ReadAction","target":["https:\/\/www.michael-krell.com\/impressum\/"]}]},{"@type":"BreadcrumbList","@id":"https:\/\/www.michael-krell.com\/impressum\/#breadcrumb","itemListElement":[{"@type":"ListItem","position":1,"name":"Startseite","item":"https:\/\/www.michael-krell.com\/en\/"},{"@type":"ListItem","position":2,"name":"Impressum"}]},{"@type":"WebSite","@id":"https:\/\/www.michael-krell.com\/en\/#website","url":"https:\/\/www.michael-krell.com\/en\/","name":"Michael Krell Triathlon Coaching","description":"","potentialAction":[{"@type":"SearchAction","target":{"@type":"EntryPoint","urlTemplate":"https:\/\/www.michael-krell.com\/en\/?s={search_term_string}"},"query-input":"required name=search_term_string"}],"inLanguage":"de"}]}},"_links":{"self":[{"href":"https:\/\/www.michael-krell.com\/de\/wp-json\/wp\/v2\/pages\/1791","targetHints":{"allow":["GET"]}}],"collection":[{"href":"https:\/\/www.michael-krell.com\/de\/wp-json\/wp\/v2\/pages"}],"about":[{"href":"https:\/\/www.michael-krell.com\/de\/wp-json\/wp\/v2\/types\/page"}],"author":[{"embeddable":true,"href":"https:\/\/www.michael-krell.com\/de\/wp-json\/wp\/v2\/users\/2"}],"replies":[{"embeddable":true,"href":"https:\/\/www.michael-krell.com\/de\/wp-json\/wp\/v2\/comments?post=1791"}],"version-history":[{"count":14,"href":"https:\/\/www.michael-krell.com\/de\/wp-json\/wp\/v2\/pages\/1791\/revisions"}],"predecessor-version":[{"id":5637,"href":"https:\/\/www.michael-krell.com\/de\/wp-json\/wp\/v2\/pages\/1791\/revisions\/5637"}],"wp:featuredmedia":[{"embeddable":true,"href":"https:\/\/www.michael-krell.com\/de\/wp-json\/wp\/v2\/media\/3089"}],"wp:attachment":[{"href":"https:\/\/www.michael-krell.com\/de\/wp-json\/wp\/v2\/media?parent=1791"}],"curies":[{"name":"wp","href":"https:\/\/api.w.org\/{rel}","templated":true}]}}